 {"id":5427,"date":"2017-10-21T11:14:16","date_gmt":"2017-10-21T09:14:16","guid":{"rendered":"http:\/\/www.atelier-wagner.at\/wp\/?page_id=5427"},"modified":"2020-08-03T16:27:34","modified_gmt":"2020-08-03T14:27:34","slug":"textildruck","status":"publish","type":"page","link":"https:\/\/www.atelier-wagner.at\/wp\/textildruck","title":{"rendered":"Textildruck"},"content":{"rendered":"<div class=\"ueberschrift_leistungen\">Textildruck<\/br><\/br><\/div>\n<div class=\"weiterlesen_header\">\n<p>Die verschiedenen Verfahren zur Textilbeschriftung (B\u00fcgelfolien, Siebdruck oder Stick) lassen f\u00fcr fast alle Auflagenh\u00f6hen vern\u00fcnftige Kosten-\/Nutzenrelationen zu. Ob auf&#8230; <\/p><\/div>\n<div class=\"textblock_leistungen\">&#8230; T-Shirts, Polos, Sweater oder auch Hosen und Jacken k\u00f6nnen wir Ihr Firmenlogo zur Geltung bringen.<\/p>\n<p>Ideal um ihre Botschaft nach Aussen zu tragen!<\/p>\n<p>Wir bedrucken Ihre Textilien wie T-Shirts, Baumwolltaschen &#038; Stoffbeutel, Kleidung und vieles mehr zu g\u00fcnstigen Preisen. Mittels hochwertiger Kopierfolien werden Deine Vorlagen 1:1 auf Textilien gedruckt. F\u00fcr Photos und mehrf\u00e4rbige Vorlagen in kleineren bis mittleren Auflagen ist dieses Druckverfahren am besten geeignet. Besonders gute Ergebnisse beim Transferdruck erhalten sie auf wei\u00dfen und hellen Textilien.<\/p>\n<\/div>\n<\/div>\n","protected":false},"excerpt":{"rendered":"<p>Textildruck Die verschiedenen Verfahren zur Textilbeschriftung (B\u00fcgelfolien, Siebdruck oder Stick) lassen f\u00fcr fast alle Auflagenh\u00f6hen vern\u00fcnftige Kosten-\/Nutzenrelationen zu. Ob auf&#8230; &#8230; T-Shirts, Polos, Sweater oder auch Hosen und Jacken k\u00f6nnen wir Ihr Firmenlogo zur Geltung bringen. Ideal um ihre Botschaft nach Aussen zu tragen! Wir bedrucken Ihre Textilien wie T-Shirts, Baumwolltaschen &#038; Stoffbeutel, Kleidung und &hellip; <\/p>\n<p class=\"link-more\"><a href=\"https:\/\/www.atelier-wagner.at\/wp\/textildruck\" class=\"more-link\"><span class=\"screen-reader-text\">\u201eTextildruck\u201c<\/span> weiterlesen<\/a><\/p>\n","protected":false},"author":1,"featured_media":0,"parent":0,"menu_order":0,"comment_status":"closed","ping_status":"closed","template":"","meta":{"jetpack_post_was_ever_published":false,"footnotes":""},"jetpack_sharing_enabled":true,"jetpack_shortlink":"https:\/\/wp.me\/P7SHfN-1px","_links":{"self":[{"href":"https:\/\/www.atelier-wagner.at\/wp\/wp-json\/wp\/v2\/pages\/5427"}],"collection":[{"href":"https:\/\/www.atelier-wagner.at\/wp\/wp-json\/wp\/v2\/pages"}],"about":[{"href":"https:\/\/www.atelier-wagner.at\/wp\/wp-json\/wp\/v2\/types\/page"}],"author":[{"embeddable":true,"href":"https:\/\/www.atelier-wagner.at\/wp\/wp-json\/wp\/v2\/users\/1"}],"replies":[{"embeddable":true,"href":"https:\/\/www.atelier-wagner.at\/wp\/wp-json\/wp\/v2\/comments?post=5427"}],"version-history":[{"count":8,"href":"https:\/\/www.atelier-wagner.at\/wp\/wp-json\/wp\/v2\/pages\/5427\/revisions"}],"predecessor-version":[{"id":6590,"href":"https:\/\/www.atelier-wagner.at\/wp\/wp-json\/wp\/v2\/pages\/5427\/revisions\/6590"}],"wp:attachment":[{"href":"https:\/\/www.atelier-wagner.at\/wp\/wp-json\/wp\/v2\/media?parent=5427"}],"curies":[{"name":"wp","href":"https:\/\/api.w.org\/{rel}","templated":true}]}}